{"id":143,"date":"2023-04-29T22:04:35","date_gmt":"2023-04-29T22:04:35","guid":{"rendered":"https:\/\/nyweb.blaraven2.se\/?page_id=143"},"modified":"2023-04-29T22:04:35","modified_gmt":"2023-04-29T22:04:35","slug":"allabrf","status":"publish","type":"page","link":"https:\/\/www.blaraven2.se\/?page_id=143","title":{"rendered":"allabrf"},"content":{"rendered":"\n<p>allabrf.se har granskat&nbsp;<strong>Brf Bl\u00e5r\u00e4ven 2<\/strong>s bokslut f\u00f6r 2019 och tilldelat betyget&nbsp;<strong>A+<\/strong>.<\/p>\n\n\n\n<p>H\u00f6gsta betyg \u00e4r A++, l\u00e4gsta betyg \u00e4r C. Betyget baseras p\u00e5 f\u00f6reningens bel\u00e5ning, avgiftsniv\u00e5, kassafl\u00f6de, hyres- och \u00f6vriga int\u00e4kter, r\u00f6relsekostnader och r\u00e4ntekostnader.<\/p>\n\n\n\n<p>allabrf.se \u00e4r Sveriges st\u00f6rsta tj\u00e4nst f\u00f6r och om bostadsr\u00e4ttsf\u00f6reningar. F\u00f6retaget \u00e4r helt oberoende fr\u00e5n f\u00f6rvaltare, m\u00e4klare, banker och andra akt\u00f6rer. Betygssystemet \u00e4r transparent och har granskats av oberoende experter. F\u00f6r mer information om delbetyg, f\u00f6reningsfakta,fastighetsdata och slutpriser se f\u00f6reningens BRF-analys. allabrf.se tar inget ansvar f\u00f6r riktigheten av informationen som ligger till grund f\u00f6r bed\u00f6mningen eller eventuell ekonomisk skada som kan uppst\u00e5 som ett resultat av beslut tagna baserat p\u00e5 betyget. Granska alltid f\u00f6reningens \u00e5rsredovisning och kontakta styrelsen f\u00f6r att klarg\u00f6ra eventuella fr\u00e5gor. L\u00e4s mer om betygsysstemet p\u00e5 allabrf.se\/betygsysstem<\/p>\n\n\n\n<div data-wp-interactive=\"core\/file\" class=\"wp-block-file\"><object data-wp-bind--hidden=\"!state.hasPdfPreview\" hidden class=\"wp-block-file__embed\" data=\"https:\/\/nyweb.blaraven2.se\/wp-content\/uploads\/2023\/04\/BRF-Blaraven-2-716419-7563-2018.pdf\" type=\"application\/pdf\" style=\"width:100%;height:600px\" aria-label=\"Inb\u00e4ddning av BRF-Blaraven-2-716419-7563-2018.\"><\/object><a id=\"wp-block-file--media-cac54f01-daec-4e6e-85d1-f3ab47609c1b\" href=\"https:\/\/nyweb.blaraven2.se\/wp-content\/uploads\/2023\/04\/BRF-Blaraven-2-716419-7563-2018.pdf\">BRF-Blaraven-2-716419-7563-2018<\/a><a href=\"https:\/\/nyweb.blaraven2.se\/wp-content\/uploads\/2023\/04\/BRF-Blaraven-2-716419-7563-2018.pdf\" class=\"wp-block-file__button wp-element-button\" download aria-describedby=\"wp-block-file--media-cac54f01-daec-4e6e-85d1-f3ab47609c1b\">Ladda ner<\/a><\/div>\n","protected":false},"excerpt":{"rendered":"<p>allabrf.se har granskat&nbsp;Brf Bl\u00e5r\u00e4ven 2s bokslut f\u00f6r 2019 och tilldelat betyget&nbsp;A+. H\u00f6gsta betyg \u00e4r A++, l\u00e4gsta betyg \u00e4r C. Betyget baseras p\u00e5 f\u00f6reningens bel\u00e5ning, avgiftsniv\u00e5, kassafl\u00f6de, hyres- och \u00f6vriga int\u00e4kter, r\u00f6relsekostnader och r\u00e4ntekostnader. allabrf.se \u00e4r Sveriges st\u00f6rsta tj\u00e4nst f\u00f6r och om bostadsr\u00e4ttsf\u00f6reningar. F\u00f6retaget \u00e4r helt oberoende fr\u00e5n f\u00f6rvaltare, m\u00e4klare, banker och andra akt\u00f6rer. Betygssystemet \u00e4r [&hellip;]<\/p>\n","protected":false},"author":2,"featured_media":0,"parent":0,"menu_order":0,"comment_status":"closed","ping_status":"closed","template":"","meta":{"footnotes":""},"class_list":["post-143","page","type-page","status-publish","hentry"],"_links":{"self":[{"href":"https:\/\/www.blaraven2.se\/index.php?rest_route=\/wp\/v2\/pages\/143","targetHints":{"allow":["GET"]}}],"collection":[{"href":"https:\/\/www.blaraven2.se\/index.php?rest_route=\/wp\/v2\/pages"}],"about":[{"href":"https:\/\/www.blaraven2.se\/index.php?rest_route=\/wp\/v2\/types\/page"}],"author":[{"embeddable":true,"href":"https:\/\/www.blaraven2.se\/index.php?rest_route=\/wp\/v2\/users\/2"}],"replies":[{"embeddable":true,"href":"https:\/\/www.blaraven2.se\/index.php?rest_route=%2Fwp%2Fv2%2Fcomments&post=143"}],"version-history":[{"count":1,"href":"https:\/\/www.blaraven2.se\/index.php?rest_route=\/wp\/v2\/pages\/143\/revisions"}],"predecessor-version":[{"id":145,"href":"https:\/\/www.blaraven2.se\/index.php?rest_route=\/wp\/v2\/pages\/143\/revisions\/145"}],"wp:attachment":[{"href":"https:\/\/www.blaraven2.se\/index.php?rest_route=%2Fwp%2Fv2%2Fmedia&parent=143"}],"curies":[{"name":"wp","href":"https:\/\/api.w.org\/{rel}","templated":true}]}}