{"id":190,"date":"2023-09-01T20:04:05","date_gmt":"2023-09-01T20:04:05","guid":{"rendered":"https:\/\/nyweb.blaraven2.se\/?page_id=190"},"modified":"2023-09-01T20:04:05","modified_gmt":"2023-09-01T20:04:05","slug":"omgivningarna","status":"publish","type":"page","link":"https:\/\/www.blaraven2.se\/?page_id=190","title":{"rendered":"Omgivningarna"},"content":{"rendered":"\n<p><strong>N\u00e4set<\/strong><\/p>\n\n\n\n<p>Det tar bara ett par minuter att g\u00e5 ner till K\u00e4ll\u00e4ngstorget med bl.a. bussanslutning, ICA-butik och tv\u00e5 restauranger.<\/p>\n\n\n\n<p>Motionssp\u00e5r, badplats, b\u00e5thamn, golfbana, Friskis och Svettis och Liding\u00f6vallen inom 5-10 minuters promenadavst\u00e5nd g\u00f6r det enkelt att koppla av och njuta av naturen p\u00e5 \u201dH\u00e4lsans \u00f6\u201d.<\/p>\n\n\n\n<p><strong>Liding\u00f6 Centrum<\/strong><\/p>\n\n\n\n<p>Det finns en m\u00e4ngd butiker i Liding\u00f6 Centrum med allt fr\u00e5n mataff\u00e4rer, kl\u00e4dbutiker, bank, l\u00e5ssmed till biograf f\u00f6r att bara n\u00e4mna n\u00e5gra.<\/p>\n\n\n\n<p><strong>Liding\u00f6<\/strong><\/p>\n\n\n\n<p>Endast femton minuters resv\u00e4g fr\u00e5n Stockholms centrum ligger Liding\u00f6 \u2013 den gr\u00f6na \u00f6n. Liding\u00f6 med sina drygt 48 000 inv\u00e5nare \u00e4r en medelstor stad och en omtyckt bostadsort. H\u00e4r finns stora gr\u00f6nomr\u00e5den som ger rika m\u00f6jligheter till friluftsliv och rekreation.<\/p>\n\n\n\n<p><\/p>\n","protected":false},"excerpt":{"rendered":"<p>N\u00e4set Det tar bara ett par minuter att g\u00e5 ner till K\u00e4ll\u00e4ngstorget med bl.a. bussanslutning, ICA-butik och tv\u00e5 restauranger. Motionssp\u00e5r, badplats, b\u00e5thamn, golfbana, Friskis och Svettis och Liding\u00f6vallen inom 5-10 minuters promenadavst\u00e5nd g\u00f6r det enkelt att koppla av och njuta av naturen p\u00e5 \u201dH\u00e4lsans \u00f6\u201d. Liding\u00f6 Centrum Det finns en m\u00e4ngd butiker i Liding\u00f6 Centrum [&hellip;]<\/p>\n","protected":false},"author":2,"featured_media":0,"parent":0,"menu_order":0,"comment_status":"closed","ping_status":"closed","template":"","meta":{"footnotes":""},"class_list":["post-190","page","type-page","status-publish","hentry"],"_links":{"self":[{"href":"https:\/\/www.blaraven2.se\/index.php?rest_route=\/wp\/v2\/pages\/190","targetHints":{"allow":["GET"]}}],"collection":[{"href":"https:\/\/www.blaraven2.se\/index.php?rest_route=\/wp\/v2\/pages"}],"about":[{"href":"https:\/\/www.blaraven2.se\/index.php?rest_route=\/wp\/v2\/types\/page"}],"author":[{"embeddable":true,"href":"https:\/\/www.blaraven2.se\/index.php?rest_route=\/wp\/v2\/users\/2"}],"replies":[{"embeddable":true,"href":"https:\/\/www.blaraven2.se\/index.php?rest_route=%2Fwp%2Fv2%2Fcomments&post=190"}],"version-history":[{"count":1,"href":"https:\/\/www.blaraven2.se\/index.php?rest_route=\/wp\/v2\/pages\/190\/revisions"}],"predecessor-version":[{"id":191,"href":"https:\/\/www.blaraven2.se\/index.php?rest_route=\/wp\/v2\/pages\/190\/revisions\/191"}],"wp:attachment":[{"href":"https:\/\/www.blaraven2.se\/index.php?rest_route=%2Fwp%2Fv2%2Fmedia&parent=190"}],"curies":[{"name":"wp","href":"https:\/\/api.w.org\/{rel}","templated":true}]}}