{"id":198,"date":"2023-09-01T20:12:27","date_gmt":"2023-09-01T20:12:27","guid":{"rendered":"https:\/\/nyweb.blaraven2.se\/?page_id=198"},"modified":"2023-09-01T20:13:49","modified_gmt":"2023-09-01T20:13:49","slug":"hitta-till-vesslevagen","status":"publish","type":"page","link":"https:\/\/www.blaraven2.se\/?page_id=198","title":{"rendered":"Hitta till Vesslev\u00e4gen"},"content":{"rendered":"\n<p><strong>Adress<\/strong><br>Vesslev\u00e4gen 18 \u2013 28, 181 45 Liding\u00f6<\/p>\n\n\n\n<p><strong>Med bil fr\u00e5n Ropsten<\/strong><\/p>\n\n\n\n<ul class=\"wp-block-list\">\n<li>K\u00f6r \u00f6ver Liding\u00f6bron, h\u00e5ll h\u00f6ger och tag avfart mot Elfvik.<\/li>\n\n\n\n<li>K\u00f6r rakt fram ca 5 km.<\/li>\n\n\n\n<li>Sv\u00e4ng v\u00e4nster n\u00e4r du kommer till skyltningen mot N\u00e4set.<\/li>\n\n\n\n<li>Forts\u00e4tt rakt fram och upp f\u00f6r backen.<\/li>\n\n\n\n<li>Vid kr\u00f6net ta f\u00f6rsta avfarten till h\u00f6ger och sedan h\u00f6ger igen in p\u00e5 Vesslev\u00e4gen.<\/li>\n<\/ul>\n\n\n\n<p><strong><br>G\u00e4stparkering<\/strong><\/p>\n\n\n\n<p>F\u00f6reneningen har tv\u00e5 stycken g\u00e4stparkeringsplatser.&nbsp;Dessa platser finns&nbsp;p\u00e5 den nedre delen av parkeringen. Det \u00e4r plats nummer&nbsp;84 &amp; 86. Dessa platser \u00e4r inte till f\u00f6r medlemmarna. L\u00e4gg en lapp i rutan med l\u00e4genhetsnummer&nbsp;(med strukturen XX-XXXX)&nbsp;till den medlem som bes\u00f6ks.<\/p>\n\n\n\n<p>Om ingen plats \u00e4r ledig m\u00e5ste vi tyv\u00e4rr h\u00e4nvisa parkering till Vesslev\u00e4gen.<\/p>\n\n\n\n<p><strong><br>Kommunalt med SL fr\u00e5n Ropsten<\/strong><\/p>\n\n\n\n<p>Det \u00e4r enklast att ta buss 203 mot Larsberg eller 203 mot N\u00e4set fr\u00e5n Ropsten. Stig av vid h\u00e5llplats \u201dK\u00e4ll\u00e4ngstorget\u201d.&nbsp; Resan tar knappt 10 minuter. Se \u00e4ven&nbsp;<a href=\"http:\/\/reseplanerare.sl.se\/bin\/query.exe\/sn\" target=\"_blank\" rel=\"noreferrer noopener\">SL:s Reseplanerare<\/a>.<\/p>\n\n\n\n<p><strong>Koordinater<\/strong><br>N 59\u00b0 37.782\u2032, E 17\u00b0 00.6017\u2032<\/p>\n","protected":false},"excerpt":{"rendered":"<p>AdressVesslev\u00e4gen 18 \u2013 28, 181 45 Liding\u00f6 Med bil fr\u00e5n Ropsten G\u00e4stparkering F\u00f6reneningen har tv\u00e5 stycken g\u00e4stparkeringsplatser.&nbsp;Dessa platser finns&nbsp;p\u00e5 den nedre delen av parkeringen. Det \u00e4r plats nummer&nbsp;84 &amp; 86. Dessa platser \u00e4r inte till f\u00f6r medlemmarna. L\u00e4gg en lapp i rutan med l\u00e4genhetsnummer&nbsp;(med strukturen XX-XXXX)&nbsp;till den medlem som bes\u00f6ks. Om ingen plats \u00e4r ledig [&hellip;]<\/p>\n","protected":false},"author":2,"featured_media":0,"parent":0,"menu_order":0,"comment_status":"closed","ping_status":"closed","template":"","meta":{"footnotes":""},"class_list":["post-198","page","type-page","status-publish","hentry"],"_links":{"self":[{"href":"https:\/\/www.blaraven2.se\/index.php?rest_route=\/wp\/v2\/pages\/198","targetHints":{"allow":["GET"]}}],"collection":[{"href":"https:\/\/www.blaraven2.se\/index.php?rest_route=\/wp\/v2\/pages"}],"about":[{"href":"https:\/\/www.blaraven2.se\/index.php?rest_route=\/wp\/v2\/types\/page"}],"author":[{"embeddable":true,"href":"https:\/\/www.blaraven2.se\/index.php?rest_route=\/wp\/v2\/users\/2"}],"replies":[{"embeddable":true,"href":"https:\/\/www.blaraven2.se\/index.php?rest_route=%2Fwp%2Fv2%2Fcomments&post=198"}],"version-history":[{"count":1,"href":"https:\/\/www.blaraven2.se\/index.php?rest_route=\/wp\/v2\/pages\/198\/revisions"}],"predecessor-version":[{"id":199,"href":"https:\/\/www.blaraven2.se\/index.php?rest_route=\/wp\/v2\/pages\/198\/revisions\/199"}],"wp:attachment":[{"href":"https:\/\/www.blaraven2.se\/index.php?rest_route=%2Fwp%2Fv2%2Fmedia&parent=198"}],"curies":[{"name":"wp","href":"https:\/\/api.w.org\/{rel}","templated":true}]}}