{"id":209,"date":"2023-09-08T18:22:55","date_gmt":"2023-09-08T18:22:55","guid":{"rendered":"https:\/\/nyweb.blaraven2.se\/?page_id=209"},"modified":"2023-09-08T18:22:55","modified_gmt":"2023-09-08T18:22:55","slug":"renoveringar","status":"publish","type":"page","link":"https:\/\/www.blaraven2.se\/?page_id=209","title":{"rendered":"Renoveringar"},"content":{"rendered":"\n<p>\u00c5r 2019 genomf\u00f6rdes renovering av trapphusen.<\/p>\n\n\n\n<p>\u00c5r 2016-2017 genomf\u00f6rdes ventilationskontroll (OVK).<\/p>\n\n\n\n<p>\u00c5r 2015 genomf\u00f6rdes omfattande arbete i v\u00e5r tr\u00e4dg\u00e5rd. Bl.a ny kantsten, asfaltering, cykelgarage, belysning mm.<\/p>\n\n\n\n<p>\u00c5r 2014 renoverades tv\u00e4ttstugan samt att elektronisk bokningstavla installerades.<\/p>\n\n\n\n<p>\u00c5r 2012 genomf\u00f6rdes en omfattande renovering av fasaderna p\u00e5 v\u00e5ra tv\u00e5 byggnader.<\/p>\n\n\n\n<p>\u00c5r 2010 genomf\u00f6rdes ventilationskontroll samt energideklaration.<\/p>\n\n\n\n<p>\u00c5r 2009 genomf\u00f6rdes en totalrenovering av byggnaderna. Stammar, elstigare, tak, balkonger, treglasf\u00f6nster, s\u00e4kerhetsd\u00f6rrar, ventilationssystem&nbsp; samt l\u00e4genheternas interi\u00f6r omfattades av renoveringen.<\/p>\n\n\n\n<p>Inga stora renoveringar \u00e4r f\u00f6r n\u00e4rvarande planerade.<\/p>\n","protected":false},"excerpt":{"rendered":"<p>\u00c5r 2019 genomf\u00f6rdes renovering av trapphusen. \u00c5r 2016-2017 genomf\u00f6rdes ventilationskontroll (OVK). \u00c5r 2015 genomf\u00f6rdes omfattande arbete i v\u00e5r tr\u00e4dg\u00e5rd. Bl.a ny kantsten, asfaltering, cykelgarage, belysning mm. \u00c5r 2014 renoverades tv\u00e4ttstugan samt att elektronisk bokningstavla installerades. \u00c5r 2012 genomf\u00f6rdes en omfattande renovering av fasaderna p\u00e5 v\u00e5ra tv\u00e5 byggnader. \u00c5r 2010 genomf\u00f6rdes ventilationskontroll samt energideklaration. \u00c5r 2009 [&hellip;]<\/p>\n","protected":false},"author":2,"featured_media":0,"parent":0,"menu_order":0,"comment_status":"closed","ping_status":"closed","template":"","meta":{"footnotes":""},"class_list":["post-209","page","type-page","status-publish","hentry"],"_links":{"self":[{"href":"https:\/\/www.blaraven2.se\/index.php?rest_route=\/wp\/v2\/pages\/209","targetHints":{"allow":["GET"]}}],"collection":[{"href":"https:\/\/www.blaraven2.se\/index.php?rest_route=\/wp\/v2\/pages"}],"about":[{"href":"https:\/\/www.blaraven2.se\/index.php?rest_route=\/wp\/v2\/types\/page"}],"author":[{"embeddable":true,"href":"https:\/\/www.blaraven2.se\/index.php?rest_route=\/wp\/v2\/users\/2"}],"replies":[{"embeddable":true,"href":"https:\/\/www.blaraven2.se\/index.php?rest_route=%2Fwp%2Fv2%2Fcomments&post=209"}],"version-history":[{"count":1,"href":"https:\/\/www.blaraven2.se\/index.php?rest_route=\/wp\/v2\/pages\/209\/revisions"}],"predecessor-version":[{"id":210,"href":"https:\/\/www.blaraven2.se\/index.php?rest_route=\/wp\/v2\/pages\/209\/revisions\/210"}],"wp:attachment":[{"href":"https:\/\/www.blaraven2.se\/index.php?rest_route=%2Fwp%2Fv2%2Fmedia&parent=209"}],"curies":[{"name":"wp","href":"https:\/\/api.w.org\/{rel}","templated":true}]}}