{"id":217,"date":"2023-09-08T18:50:00","date_gmt":"2023-09-08T18:50:00","guid":{"rendered":"https:\/\/nyweb.blaraven2.se\/?page_id=217"},"modified":"2023-09-08T18:50:00","modified_gmt":"2023-09-08T18:50:00","slug":"styrelsen","status":"publish","type":"page","link":"https:\/\/www.blaraven2.se\/?page_id=217","title":{"rendered":"Styrelsen"},"content":{"rendered":"\n<p>Styrelsen arbetar mycket aktivt med att f\u00f6rvalta och utveckla boendet f\u00f6r v\u00e5ra medlemmar. Hela styrelsen sammantr\u00e4der varje m\u00e5nad.<\/p>\n\n\n\n<p><strong>Verksamhets\u00e5ret 2023\/2024 best\u00e5r styrelsen av<\/strong><\/p>\n\n\n\n<ul class=\"wp-block-list\">\n<li>Ordf\u00f6rande: Martin Hiller<\/li>\n\n\n\n<li>Kass\u00f6r: Maria S\u00e4flund<\/li>\n\n\n\n<li>Sekreterare: Stefan Haglund<\/li>\n\n\n\n<li>Teknik\/Fastighet: Erik Sachs<\/li>\n\n\n\n<li>IT: Tomas Elfving<\/li>\n\n\n\n<li>Tr\u00e4dg\u00e5rd: Helene Strid<\/li>\n\n\n\n<li>\u00d6vrigt:\u00a0Jonas Hermansson<\/li>\n\n\n\n<li>Suppleant: Stefan Thelin<\/li>\n<\/ul>\n","protected":false},"excerpt":{"rendered":"<p>Styrelsen arbetar mycket aktivt med att f\u00f6rvalta och utveckla boendet f\u00f6r v\u00e5ra medlemmar. Hela styrelsen sammantr\u00e4der varje m\u00e5nad. Verksamhets\u00e5ret 2023\/2024 best\u00e5r styrelsen av<\/p>\n","protected":false},"author":2,"featured_media":0,"parent":0,"menu_order":0,"comment_status":"closed","ping_status":"closed","template":"","meta":{"footnotes":""},"class_list":["post-217","page","type-page","status-publish","hentry"],"_links":{"self":[{"href":"https:\/\/www.blaraven2.se\/index.php?rest_route=\/wp\/v2\/pages\/217","targetHints":{"allow":["GET"]}}],"collection":[{"href":"https:\/\/www.blaraven2.se\/index.php?rest_route=\/wp\/v2\/pages"}],"about":[{"href":"https:\/\/www.blaraven2.se\/index.php?rest_route=\/wp\/v2\/types\/page"}],"author":[{"embeddable":true,"href":"https:\/\/www.blaraven2.se\/index.php?rest_route=\/wp\/v2\/users\/2"}],"replies":[{"embeddable":true,"href":"https:\/\/www.blaraven2.se\/index.php?rest_route=%2Fwp%2Fv2%2Fcomments&post=217"}],"version-history":[{"count":1,"href":"https:\/\/www.blaraven2.se\/index.php?rest_route=\/wp\/v2\/pages\/217\/revisions"}],"predecessor-version":[{"id":218,"href":"https:\/\/www.blaraven2.se\/index.php?rest_route=\/wp\/v2\/pages\/217\/revisions\/218"}],"wp:attachment":[{"href":"https:\/\/www.blaraven2.se\/index.php?rest_route=%2Fwp%2Fv2%2Fmedia&parent=217"}],"curies":[{"name":"wp","href":"https:\/\/api.w.org\/{rel}","templated":true}]}}