{"id":220,"date":"2023-09-08T18:51:23","date_gmt":"2023-09-08T18:51:23","guid":{"rendered":"https:\/\/nyweb.blaraven2.se\/?page_id=220"},"modified":"2023-09-08T18:51:23","modified_gmt":"2023-09-08T18:51:23","slug":"stamma","status":"publish","type":"page","link":"https:\/\/www.blaraven2.se\/?page_id=220","title":{"rendered":"St\u00e4mma"},"content":{"rendered":"\n<p>Ordinarie f\u00f6reningsst\u00e4mma skall enligt stadgarna h\u00e5llas \u00e5rligen tidigast den 1 mars och senast f\u00f6re juni m\u00e5nads utg\u00e5ng.<\/p>\n\n\n\n<p>Medlem som \u00f6nskar anm\u00e4la \u00e4renden till st\u00e4mman skall anm\u00e4la detta senast den f\u00f6rsta februari, eller inom den senare tidpunkt styrelsen best\u00e4mmer.<\/p>\n\n\n\n<p>Extrast\u00e4mma kan h\u00e5llas n\u00e4r det finns nya beslut att fatta.<\/p>\n\n\n\n<p>Styrelsen kallar medlemmarna till st\u00e4mman i f\u00f6rv\u00e4g enligt stadgarna.<\/p>\n","protected":false},"excerpt":{"rendered":"<p>Ordinarie f\u00f6reningsst\u00e4mma skall enligt stadgarna h\u00e5llas \u00e5rligen tidigast den 1 mars och senast f\u00f6re juni m\u00e5nads utg\u00e5ng. Medlem som \u00f6nskar anm\u00e4la \u00e4renden till st\u00e4mman skall anm\u00e4la detta senast den f\u00f6rsta februari, eller inom den senare tidpunkt styrelsen best\u00e4mmer. Extrast\u00e4mma kan h\u00e5llas n\u00e4r det finns nya beslut att fatta. Styrelsen kallar medlemmarna till st\u00e4mman i f\u00f6rv\u00e4g [&hellip;]<\/p>\n","protected":false},"author":2,"featured_media":0,"parent":0,"menu_order":0,"comment_status":"closed","ping_status":"closed","template":"","meta":{"footnotes":""},"class_list":["post-220","page","type-page","status-publish","hentry"],"_links":{"self":[{"href":"https:\/\/www.blaraven2.se\/index.php?rest_route=\/wp\/v2\/pages\/220","targetHints":{"allow":["GET"]}}],"collection":[{"href":"https:\/\/www.blaraven2.se\/index.php?rest_route=\/wp\/v2\/pages"}],"about":[{"href":"https:\/\/www.blaraven2.se\/index.php?rest_route=\/wp\/v2\/types\/page"}],"author":[{"embeddable":true,"href":"https:\/\/www.blaraven2.se\/index.php?rest_route=\/wp\/v2\/users\/2"}],"replies":[{"embeddable":true,"href":"https:\/\/www.blaraven2.se\/index.php?rest_route=%2Fwp%2Fv2%2Fcomments&post=220"}],"version-history":[{"count":1,"href":"https:\/\/www.blaraven2.se\/index.php?rest_route=\/wp\/v2\/pages\/220\/revisions"}],"predecessor-version":[{"id":221,"href":"https:\/\/www.blaraven2.se\/index.php?rest_route=\/wp\/v2\/pages\/220\/revisions\/221"}],"wp:attachment":[{"href":"https:\/\/www.blaraven2.se\/index.php?rest_route=%2Fwp%2Fv2%2Fmedia&parent=220"}],"curies":[{"name":"wp","href":"https:\/\/api.w.org\/{rel}","templated":true}]}}