{"id":229,"date":"2023-09-08T18:58:51","date_gmt":"2023-09-08T18:58:51","guid":{"rendered":"https:\/\/nyweb.blaraven2.se\/?page_id=229"},"modified":"2025-05-08T17:45:08","modified_gmt":"2025-05-08T17:45:08","slug":"arsredovisningar","status":"publish","type":"page","link":"https:\/\/www.blaraven2.se\/?page_id=229","title":{"rendered":"\u00c5rsredovisningar"},"content":{"rendered":"\n<p>Brf Bl\u00e5r\u00e4ven 2 \u00e4r en v\u00e4lsk\u00f6tt f\u00f6rening med en kunnig och mycket aktivt arbetande styrelse. Utg\u00e5ngspunkten f\u00f6r arbetet \u00e4r att ansvarsfullt sk\u00f6ta ekonomin med en bra balans mellan avgiftsniv\u00e5, f\u00f6rvaltning och utveckling.<\/p>\n\n\n\n<p>Ekonomin f\u00f6ljs upp och styrs p\u00e5 m\u00e5nadsbasis f\u00f6r att bibeh\u00e5lla god kontroll. \u00c5rligen avs\u00e4tts ett belopp till en underh\u00e5llsfond f\u00f6r att s\u00e4kerst\u00e4lla att fastigheten h\u00e5lls i s\u00e5 n\u00e4ra nyskick som m\u00f6jligt, \u00e4ven i framtiden.<\/p>\n\n\n\n<p>\u00c5rsredovisning 2024:<\/p>\n\n\n\n<p><a href=\"https:\/\/www.blaraven2.se\/wp-content\/uploads\/2025\/05\/Brf-Blaraven-2-716419-7563-Arsredovisning-2024.pdf\">https:\/\/www.blaraven2.se\/wp-content\/uploads\/2025\/05\/Brf-Blaraven-2-716419-7563-Arsredovisning-2024.pdf<\/a><\/p>\n\n\n\n<p>\u00c5rsredovisning 2023:<\/p>\n\n\n\n<p><a href=\"https:\/\/www.blaraven2.se\/wp-content\/uploads\/2024\/05\/Brf-Blaraven-2-716419-7563-Arsredovisning-2023.pdf\">https:\/\/www.blaraven2.se\/wp-content\/uploads\/2024\/05\/Brf-Blaraven-2-716419-7563-Arsredovisning-2023.pdf<\/a><\/p>\n\n\n\n<p><\/p>\n\n\n\n<p><\/p>\n\n\n\n<p><\/p>\n\n\n\n<p><\/p>\n\n\n\n<p><\/p>\n","protected":false},"excerpt":{"rendered":"<p>Brf Bl\u00e5r\u00e4ven 2 \u00e4r en v\u00e4lsk\u00f6tt f\u00f6rening med en kunnig och mycket aktivt arbetande styrelse. Utg\u00e5ngspunkten f\u00f6r arbetet \u00e4r att ansvarsfullt sk\u00f6ta ekonomin med en bra balans mellan avgiftsniv\u00e5, f\u00f6rvaltning och utveckling. Ekonomin f\u00f6ljs upp och styrs p\u00e5 m\u00e5nadsbasis f\u00f6r att bibeh\u00e5lla god kontroll. \u00c5rligen avs\u00e4tts ett belopp till en underh\u00e5llsfond f\u00f6r att s\u00e4kerst\u00e4lla att [&hellip;]<\/p>\n","protected":false},"author":2,"featured_media":0,"parent":0,"menu_order":0,"comment_status":"closed","ping_status":"closed","template":"","meta":{"footnotes":""},"class_list":["post-229","page","type-page","status-publish","hentry"],"_links":{"self":[{"href":"https:\/\/www.blaraven2.se\/index.php?rest_route=\/wp\/v2\/pages\/229","targetHints":{"allow":["GET"]}}],"collection":[{"href":"https:\/\/www.blaraven2.se\/index.php?rest_route=\/wp\/v2\/pages"}],"about":[{"href":"https:\/\/www.blaraven2.se\/index.php?rest_route=\/wp\/v2\/types\/page"}],"author":[{"embeddable":true,"href":"https:\/\/www.blaraven2.se\/index.php?rest_route=\/wp\/v2\/users\/2"}],"replies":[{"embeddable":true,"href":"https:\/\/www.blaraven2.se\/index.php?rest_route=%2Fwp%2Fv2%2Fcomments&post=229"}],"version-history":[{"count":5,"href":"https:\/\/www.blaraven2.se\/index.php?rest_route=\/wp\/v2\/pages\/229\/revisions"}],"predecessor-version":[{"id":278,"href":"https:\/\/www.blaraven2.se\/index.php?rest_route=\/wp\/v2\/pages\/229\/revisions\/278"}],"wp:attachment":[{"href":"https:\/\/www.blaraven2.se\/index.php?rest_route=%2Fwp%2Fv2%2Fmedia&parent=229"}],"curies":[{"name":"wp","href":"https:\/\/api.w.org\/{rel}","templated":true}]}}