{"id":29,"date":"2023-02-01T13:27:35","date_gmt":"2023-02-01T13:27:35","guid":{"rendered":"https:\/\/nyweb.blaraven2.se\/?page_id=29"},"modified":"2025-11-17T18:49:59","modified_gmt":"2025-11-17T18:49:59","slug":"contact","status":"publish","type":"page","link":"https:\/\/www.blaraven2.se\/?page_id=29","title":{"rendered":"Kontakta oss"},"content":{"rendered":"\n<p>Kontakta g\u00e4rna styrelsen genom mail till:info@blaraven2.se. Samma mailadress f\u00f6r felanm\u00e4lan.<\/p>\n\n\n\n<p><strong>Postadress<\/strong>:<\/p>\n\n\n\n<div class=\"wp-block-group\"><div class=\"wp-block-group__inner-container is-layout-constrained wp-block-group-is-layout-constrained\">\n<p>Brf Bl\u00e5r\u00e4ven 2<br>Vesslev\u00e4gen 28<\/p>\n\n\n\n<p>18145 Liding\u00f6<\/p>\n\n\n\n<p><strong>Fakturaadress:<\/strong><\/p>\n\n\n\n<p>Brf Bl\u00e5r\u00e4ven 2<br>NABO 2273<\/p>\n\n\n\n<p>Box 843<br>851 23 Sundsvall<\/p>\n<\/div><\/div>\n\n\n\n<p><strong>Jourtelefon \u2013 08 18 60 00<\/strong><br>(Endast akuta \u00e4renden s\u00e5 som \u00f6versv\u00e4mningar eller stopp i avlopp)<\/p>\n","protected":false},"excerpt":{"rendered":"<p>Kontakta g\u00e4rna styrelsen genom mail till:info@blaraven2.se. Samma mailadress f\u00f6r felanm\u00e4lan. Postadress: Brf Bl\u00e5r\u00e4ven 2Vesslev\u00e4gen 28 18145 Liding\u00f6 Fakturaadress: Brf Bl\u00e5r\u00e4ven 2NABO 2273 Box 843851 23 Sundsvall Jourtelefon \u2013 08 18 60 00(Endast akuta \u00e4renden s\u00e5 som \u00f6versv\u00e4mningar eller stopp i avlopp)<\/p>\n","protected":false},"author":2,"featured_media":0,"parent":0,"menu_order":0,"comment_status":"closed","ping_status":"closed","template":"","meta":{"footnotes":""},"class_list":["post-29","page","type-page","status-publish","hentry"],"_links":{"self":[{"href":"https:\/\/www.blaraven2.se\/index.php?rest_route=\/wp\/v2\/pages\/29","targetHints":{"allow":["GET"]}}],"collection":[{"href":"https:\/\/www.blaraven2.se\/index.php?rest_route=\/wp\/v2\/pages"}],"about":[{"href":"https:\/\/www.blaraven2.se\/index.php?rest_route=\/wp\/v2\/types\/page"}],"author":[{"embeddable":true,"href":"https:\/\/www.blaraven2.se\/index.php?rest_route=\/wp\/v2\/users\/2"}],"replies":[{"embeddable":true,"href":"https:\/\/www.blaraven2.se\/index.php?rest_route=%2Fwp%2Fv2%2Fcomments&post=29"}],"version-history":[{"count":8,"href":"https:\/\/www.blaraven2.se\/index.php?rest_route=\/wp\/v2\/pages\/29\/revisions"}],"predecessor-version":[{"id":288,"href":"https:\/\/www.blaraven2.se\/index.php?rest_route=\/wp\/v2\/pages\/29\/revisions\/288"}],"wp:attachment":[{"href":"https:\/\/www.blaraven2.se\/index.php?rest_route=%2Fwp%2Fv2%2Fmedia&parent=29"}],"curies":[{"name":"wp","href":"https:\/\/api.w.org\/{rel}","templated":true}]}}